{"id":1811,"date":"2019-05-13T10:52:58","date_gmt":"2019-05-13T08:52:58","guid":{"rendered":"https:\/\/nishove.com\/?page_id=1811"},"modified":"2026-02-04T01:04:33","modified_gmt":"2026-02-04T00:04:33","slug":"contact","status":"publish","type":"page","link":"https:\/\/nishove.com\/en\/contact\/","title":{"rendered":"Contact"},"content":{"rendered":"<div class=\"wpb-content-wrapper\"><p>[vc_row full_width=&#8221;stretch_row&#8221; css=&#8221;.vc_custom_1451151413064{margin-bottom: -20px !important;border-bottom-width: 0px !important;border-bottom-color: #f4f4f4 !important;border-bottom-style: solid !important;}&#8221;][vc_column width=&#8221;1\/2&#8243; css=&#8221;.vc_custom_1438787474201{margin-bottom: 50px !important;padding-right: 50px !important;}&#8221;]\n<div class=\"wpcf7 no-js\" id=\"wpcf7-f1815-o1\" lang=\"en-US\" dir=\"ltr\" data-wpcf7-id=\"1815\">\n<div class=\"screen-reader-response\"><p role=\"status\" aria-live=\"polite\" aria-atomic=\"true\"><\/p> <ul><\/ul><\/div>\n<form action=\"\/en\/wp-json\/wp\/v2\/pages\/1811#wpcf7-f1815-o1\" method=\"post\" class=\"wpcf7-form init\" aria-label=\"Contact form\" novalidate=\"novalidate\" data-status=\"init\">\n<fieldset class=\"hidden-fields-container\"><input type=\"hidden\" name=\"_wpcf7\" value=\"1815\" \/><input type=\"hidden\" name=\"_wpcf7_version\" value=\"6.1.5\" \/><input type=\"hidden\" name=\"_wpcf7_locale\" value=\"en_US\" \/><input type=\"hidden\" name=\"_wpcf7_unit_tag\" value=\"wpcf7-f1815-o1\" \/><input type=\"hidden\" name=\"_wpcf7_container_post\" value=\"0\" \/><input type=\"hidden\" name=\"_wpcf7_posted_data_hash\" value=\"\" \/>\n<\/fieldset>\n<div class=\"row\">\n\t<div class=\"col-md-6\">\n\t\t<p><label>name and surname(*)<\/label><span class=\"wpcf7-form-control-wrap\" data-name=\"your-name\"><input size=\"40\" maxlength=\"400\" class=\"wpcf7-form-control wpcf7-text wpcf7-validates-as-required\" aria-required=\"true\" aria-invalid=\"false\" value=\"\" type=\"text\" name=\"your-name\" \/><\/span>\n\t\t<\/p>\n\t<\/div>\n\t<div class=\"col-md-6\">\n\t\t<p><label>Email address (*)<\/label><span class=\"wpcf7-form-control-wrap\" data-name=\"your-email\"><input size=\"40\" maxlength=\"400\" class=\"wpcf7-form-control wpcf7-email wpcf7-validates-as-required wpcf7-text wpcf7-validates-as-email\" aria-required=\"true\" aria-invalid=\"false\" value=\"\" type=\"email\" name=\"your-email\" \/><\/span>\n\t\t<\/p>\n\t<\/div>\n<\/div>\n<p><label>Subject<\/label><span class=\"wpcf7-form-control-wrap\" data-name=\"your-subject\"><input size=\"40\" maxlength=\"400\" class=\"wpcf7-form-control wpcf7-text\" aria-invalid=\"false\" value=\"\" type=\"text\" name=\"your-subject\" \/><\/span>\n<\/p>\n<p><label>Your message<\/label><span class=\"wpcf7-form-control-wrap\" data-name=\"your-message\"><textarea cols=\"40\" rows=\"10\" maxlength=\"2000\" class=\"wpcf7-form-control wpcf7-textarea\" aria-invalid=\"false\" name=\"your-message\"><\/textarea><\/span>\n<\/p>\n<p><input class=\"wpcf7-form-control wpcf7-submit has-spinner btn btn-color-primary\" type=\"submit\" value=\"SEND MESSAGE\" \/>\n<\/p><div class=\"wpcf7-response-output\" aria-hidden=\"true\"><\/div>\n<\/form>\n<\/div>\n[\/vc_column][vc_column width=&#8221;1\/2&#8243; css=&#8221;.vc_custom_1438787483391{margin-bottom: 50px !important;padding-right: 100px !important;}&#8221;]<div class=\"title-wrapper  basel-title-color-default basel-title-style-bordered basel-title-size-default text-left vc_custom_1697741178923\"><div class=\"liner-continer\"> <span class=\"left-line\"><\/span> <h4 class=\"title\" ><strong>CONTACT<\/strong><span class=\"title-separator\"><span><\/span><\/span><\/h4> <span class=\"right-line\"><\/span> <\/div><\/div>[vc_column_text css=&#8221;.vc_custom_1770163203876{margin-bottom: 40px !important;}&#8221;]If you have any questions, please contact us. We will try to respond as quickly as possible.<\/p>\n<ul>\n<li>use the contact form<\/li>\n<li>write an e-mail to shop@nishove.com<\/li>\n<li><a href=\"https:\/\/www.facebook.com\/nishove\">write to us at Facebook<\/a><\/li>\n<\/ul>\n<p>[\/vc_column_text]<div class=\"title-wrapper  basel-title-color-default basel-title-style-bordered basel-title-size-default text-left vc_custom_1697741048196\"><div class=\"liner-continer\"> <span class=\"left-line\"><\/span> <h4 class=\"title\" ><strong>ABOUT US<\/strong><span class=\"title-separator\"><span><\/span><\/span><\/h4> <span class=\"right-line\"><\/span> <\/div><\/div>[vc_row_inner css=&#8221;.vc_custom_1451151064538{margin-bottom: 5px !important;}&#8221;][vc_column_inner width=&#8221;1\/2&#8243;][vc_column_text css=&#8221;&#8221;]<span class=\"vc_icon_element-icon icon-envelope icons\" style=\"float: left; font-size: 38px;\">\u00a0<\/span><\/p>\n<p>E-Mail: shop@nishove.com<\/p>\n<p>tel. +48668766838[\/vc_column_text][vc_column_text css=&#8221;&#8221;]Nishove Bogus\u0142aw Boro\u017cy\u0144ski<br \/>\nul. Polna 20,<br \/>\n87-162 Lubicz G\u00f3rny,<br \/>\nPolska\/Poland<br \/>\nNIP: 9532454717<br \/>\nREGON: 543625314[\/vc_column_text][\/vc_column_inner][vc_column_inner width=&#8221;1\/2&#8243;][vc_column_text css=&#8221;&#8221;]<\/p>\n<p data-renderer-start-pos=\"1\"><strong>Payments in EUR:<\/strong><\/p>\n<p data-renderer-start-pos=\"7\">SWIFT BPKOPLPW<\/p>\n<p data-renderer-start-pos=\"23\">PL50102050400000650202872547<\/p>\n<p data-renderer-start-pos=\"53\"><strong>Payments in PLN:<\/strong><\/p>\n<p data-renderer-start-pos=\"59\">16102050400000620202868941<\/p>\n<p>[\/vc_column_text]\n\t\t\t<ul class=\"social-icons text-left icons-design-colored icons-size-default social-follow \">\n\t\t\t\t\t\t\t\t\t<li class=\"social-facebook\"><a rel=\"noopener noreferrer nofollow\" href=\"https:\/\/www.facebook.com\/nishove\" target=\"_blank\" class=\"\"><i class=\"fa fa-facebook\"><\/i><span class=\"basel-social-icon-name\">Facebook<\/span><\/a><\/li>\n\t\t\t\t\n\t\t\t\t\n\t\t\t\t\n\t\t\t\t\t\t\t\t\t<li class=\"social-instagram\"><a rel=\"noopener noreferrer nofollow\" href=\"https:\/\/www.instagram.com\/nishove\" target=\"_blank\" class=\"\"><i class=\"fa fa-instagram\"><\/i><span class=\"basel-social-icon-name\">Instagram<\/span><\/a><\/li>\n\t\t\t\t\n\t\t\t\t\n\t\t\t\t\n\t\t\t\t\n\t\t\t\t\n\t\t\t\t\n\t\t\t\t\n\t\t\t\t\n\t\t\t\t\n\t\t\t\t\n\t\t\t\t\n\t\t\t\t\n\t\t\t\t\n\t\t\t\t\t\t\t\t\n\t\t\t\t\n\t\t\t\t\n\t\t\t\t\n\t\t\t\t\t\t\t<\/ul>\n\n\t\t[\/vc_column_inner][\/vc_row_inner][\/vc_column][\/vc_row]<\/p>\n<\/div>","protected":false},"excerpt":{"rendered":"<p>[vc_row full_width=&#8221;stretch_row&#8221; css=&#8221;.vc_custom_1451151413064{margin-bottom: -20px !important;border-bottom-width: 0px !important;border-bottom-color: #f4f4f4 !important;border-bottom-style: solid !important;}&#8221;][vc_column width=&#8221;1\/2&#8243; css=&#8221;.vc_custom_1438787474201{margin-bottom: 50px !important;padding-right: 50px !important;}&#8221;][\/vc_column][vc_column width=&#8221;1\/2&#8243; css=&#8221;.vc_custom_1438787483391{margin-bottom: 50px<\/p>\n","protected":false},"author":1425,"featured_media":0,"parent":0,"menu_order":0,"comment_status":"closed","ping_status":"closed","template":"","meta":{"footnotes":""},"class_list":["post-1811","page","type-page","status-publish","hentry"],"_links":{"self":[{"href":"https:\/\/nishove.com\/en\/wp-json\/wp\/v2\/pages\/1811","targetHints":{"allow":["GET"]}}],"collection":[{"href":"https:\/\/nishove.com\/en\/wp-json\/wp\/v2\/pages"}],"about":[{"href":"https:\/\/nishove.com\/en\/wp-json\/wp\/v2\/types\/page"}],"author":[{"embeddable":true,"href":"https:\/\/nishove.com\/en\/wp-json\/wp\/v2\/users\/1425"}],"replies":[{"embeddable":true,"href":"https:\/\/nishove.com\/en\/wp-json\/wp\/v2\/comments?post=1811"}],"version-history":[{"count":3,"href":"https:\/\/nishove.com\/en\/wp-json\/wp\/v2\/pages\/1811\/revisions"}],"predecessor-version":[{"id":63029,"href":"https:\/\/nishove.com\/en\/wp-json\/wp\/v2\/pages\/1811\/revisions\/63029"}],"wp:attachment":[{"href":"https:\/\/nishove.com\/en\/wp-json\/wp\/v2\/media?parent=1811"}],"curies":[{"name":"wp","href":"https:\/\/api.w.org\/{rel}","templated":true}]}}