{"id":47580,"date":"2023-10-13T18:08:17","date_gmt":"2023-10-13T16:08:17","guid":{"rendered":"https:\/\/nishove.com\/polityka-prywatnosci\/"},"modified":"2026-01-24T01:47:58","modified_gmt":"2026-01-24T00:47:58","slug":"privacy-policy","status":"publish","type":"page","link":"https:\/\/nishove.com\/en\/privacy-policy\/","title":{"rendered":"Privacy policy"},"content":{"rendered":"<p>Nishove Bogus\u0142aw Boro\u017cy\u0144ski<br \/>\nul. Polna 20, 87-162 Lubicz G\u00f3rny<br \/>\nshop@nishove.com<br \/>\n+48 668 766 838<br \/>\nNIP 9532454717<br \/>\nREGON 54362531400000<\/p>\n<p>PRIVACY<br \/>\nThe privacy policy is not a universal document and requires adaptation<br \/>\ndepending on the tools and solutions used by the Administrator, as well as in terms of<br \/>\nprocessing purposes.<br \/>\nI General provisions<br \/>\n1. This Privacy Policy defines the manner of collecting, processing, and storing<br \/>\npersonal data necessary to provide services electronically via the website<br \/>\nat www.nishove.pl (hereinafter: Website).<br \/>\n2. The Administrator of Users&#8217; personal data is [name and address of the Administrator] (hereinafter:<br \/>\nAdministrator).<br \/>\n3. Personal data is processed in accordance with Regulation (EU)<br \/>\n2016\/679 of the European Parliament and of the Council of 27 April 2016 on the protection of natural persons with regard to the processing<br \/>\nof personal data and on the free movement of such data, and repealing Directive<br \/>\n95\/46\/EC (General Data Protection Regulation) (hereinafter: GDPR).<br \/>\n4. The data collected by the Administrator will be:<br \/>\n\u2013 processed lawfully,<br \/>\n\u2013 processed for specified purposes and not further processed<br \/>\nin a manner incompatible with those purposes,<br \/>\n\u2013 factually correct and adequate in relation to the purposes for which they are processed,<br \/>\n\u2013 stored for no longer than is necessary to achieve the purpose of processing.<br \/>\nII. Purpose and legal basis for data processing<br \/>\n1. The Administrator processes personal data necessary for the provision and development of the services offered<br \/>\navailable through the Website and its individual functionalities.<br \/>\n2. Personal data will be processed for the following purposes:<br \/>\na. account registration, verification of the User&#8217;s identity, and performance of the contract for the provision of services<br \/>\nby electronic means in accordance with the Act of July 18, 2002, on the provision of services by electronic means,<br \/>\nincluding in particular by ensuring the possibility of using the User&#8217;s account<br \/>\nbased on acceptance of the Terms and Conditions (Article 6(1)(b) of the GDPR);<br \/>\nb. communicating with the User in order to provide them with the necessary information and build<br \/>\npositive and reliable relations with them, which constitutes the legitimate interest of the Administrator<br \/>\n(Article 6(1)(f) of the GDPR);<br \/>\nc. promoting the Administrator&#8217;s own products and\/or services and those of its Partners<br \/>\nby sending marketing information (newsletter) by electronic means, provided that<br \/>\nthe User has consented to receiving such notifications by e-mail (Article<br \/>\n6(1)(a) of the GDPR);<br \/>\nd. providing access to information about news from the industry directly related to the Administrator&#8217;s activities,<br \/>\nprovided that the User has consented to receive such notifications<br \/>\nby e-mail (Article 6(1)(a) of the GDPR),<br \/>\ne. for analytical and statistical purposes based on the Administrator&#8217;s legitimate interest<br \/>\nof the Administrator consisting in verifying the activity of Users and their<br \/>\npreferences in order to optimize the services and products and the functionalities of the Website<br \/>\n(Article 6(1)(f) of the GDPR);<br \/>\nf. possible establishment, pursuit or defense of claims based on the legitimate<br \/>\ninterest of the Administrator consisting in the protection of its rights (Article 6(1)(f)<br \/>\nof the GDPR).<br \/>\nul. Polna 20, 87-162 Lubicz G\u00f3rny<br \/>\nshop@nishove.com<br \/>\n+48 668 766 838<br \/>\nNIP 9532454717<br \/>\nREGON 54362531400000<br \/>\n3. In each of the above cases (paragraph 2), the provision of data is voluntary, but<br \/>\nnecessary to conclude a contract or use other functionalities of the Website.<br \/>\nIII. Period of personal data processing<br \/>\n1. Personal data will be processed for the period during which the person remains an active User<br \/>\nof the Website (has a User account), and after that time for the period necessary to comply<br \/>\nwith the law, investigate or defend against possible claims, but no longer than<br \/>\n3 years from the date of termination of the contract for the provision of electronic services.<br \/>\n2. Data processed on the basis of consent will be processed until the consent is withdrawn,<br \/>\nwith the proviso that the withdrawal of consent does not affect the lawfulness of data processing<br \/>\ncarried out prior to the withdrawal.<br \/>\nIV. Information about processing<br \/>\n1. Depending on the purpose of processing, personal data may be disclosed to:<br \/>\na. entities affiliated with the Administrator<br \/>\nb. entities cooperating with the Administrator,<br \/>\nc. subcontractors, in particular entities providing and operating selected<br \/>\nIT systems and solutions,<br \/>\nd. entities handling online payments,<br \/>\ne. entities providing courier and postal services,<br \/>\nf. law firms.<br \/>\n2. Personal data processed by the Administrator will not\/will be transferred outside the European<br \/>\nEconomic Area or to international organizations.<br \/>\nV. Rights of data subjects<br \/>\n1. The Website User has the right to:<br \/>\n&#8211; access their personal data<br \/>\n&#8211; rectify data<br \/>\n&#8211; delete data<br \/>\n&#8211; restrict data processing<br \/>\n&#8211; transfer data<br \/>\n&#8211; object to processing based on the legitimate interests of the controller<br \/>\n&#8211; withdraw consent at any time without affecting the lawfulness of processing based on consent before its withdrawal<br \/>\n&#8211; withdraw consent at any time without affecting the lawfulness of the processing<br \/>\ncarried out on the basis of that consent prior to its withdrawal<br \/>\n2. The user has the right to lodge a complaint with the President of the Personal Data Protection Office in a situation<br \/>\nwhere they consider that the processing violates their rights and freedoms.<br \/>\n3. The data processing does not involve automated decision-making, including<br \/>\nprofiling.<br \/>\nVI. Final provisions<br \/>\n1. The Administrator reserves the right to make changes to this Privacy Policy,<br \/>\nwhile ensuring that the rights of Users under this document will not be<br \/>\nrestricted.<br \/>\n2. The User will be informed of any changes to the Privacy Policy through a message<br \/>\navailable on the Website.<\/p>\n","protected":false},"excerpt":{"rendered":"<p>Nishove Bogus\u0142aw Boro\u017cy\u0144ski ul. Polna 20, 87-162 Lubicz G\u00f3rny shop@nishove.com +48 668 766 838 NIP 9532454717 REGON 54362531400000 PRIVACY The<\/p>\n","protected":false},"author":1425,"featured_media":0,"parent":0,"menu_order":0,"comment_status":"closed","ping_status":"closed","template":"","meta":{"footnotes":""},"class_list":["post-47580","page","type-page","status-publish","hentry"],"_links":{"self":[{"href":"https:\/\/nishove.com\/en\/wp-json\/wp\/v2\/pages\/47580","targetHints":{"allow":["GET"]}}],"collection":[{"href":"https:\/\/nishove.com\/en\/wp-json\/wp\/v2\/pages"}],"about":[{"href":"https:\/\/nishove.com\/en\/wp-json\/wp\/v2\/types\/page"}],"author":[{"embeddable":true,"href":"https:\/\/nishove.com\/en\/wp-json\/wp\/v2\/users\/1425"}],"replies":[{"embeddable":true,"href":"https:\/\/nishove.com\/en\/wp-json\/wp\/v2\/comments?post=47580"}],"version-history":[{"count":5,"href":"https:\/\/nishove.com\/en\/wp-json\/wp\/v2\/pages\/47580\/revisions"}],"predecessor-version":[{"id":62314,"href":"https:\/\/nishove.com\/en\/wp-json\/wp\/v2\/pages\/47580\/revisions\/62314"}],"wp:attachment":[{"href":"https:\/\/nishove.com\/en\/wp-json\/wp\/v2\/media?parent=47580"}],"curies":[{"name":"wp","href":"https:\/\/api.w.org\/{rel}","templated":true}]}}